{"id":301,"date":"2024-10-22T07:12:48","date_gmt":"2024-10-22T07:12:48","guid":{"rendered":"https:\/\/www.knightslots.com\/se\/?page_id=301"},"modified":"2024-10-22T07:12:48","modified_gmt":"2024-10-22T07:12:48","slug":"betalningsalternativ","status":"publish","type":"page","link":"https:\/\/www.knightslots.com\/se\/betalningsalternativ\/","title":{"rendered":"Betalningsalternativ"},"content":{"rendered":"\n\n\n<p><p style=\"color:#fff; font-size: 20px;\">Vi f\u00f6rst\u00e5r att betalningsalternativ \u00e4r viktiga b\u00e5de f\u00f6r v\u00e5ra kunder och f\u00f6r oss.<\/p><\/p>\n\n\n\n<p><span style=\"color:#fff;\">D\u00e4rf\u00f6r har vi tagit fram ett urval av betalningsmetoder f\u00f6r att s\u00e4kerst\u00e4lla att varje spelare enkelt kan anv\u00e4nda en metod f\u00f6r att underl\u00e4tta sina ins\u00e4ttningar och uttag.<\/p><p>Beroende p\u00e5 tillg\u00e5ng i olika l\u00e4nder inkluderar de metoder vi har valt f\u00f6r dig bankkort, e-pl\u00e5nb\u00f6cker, direkt bank\u00f6verf\u00f6ring och mobila metoder.pl\u00e5nb\u00f6cker som vi st\u00f6djer inkluderar Skrill, Neteller och Yandex.<\/p><p>Dessutom till\u00e5ter vi spelare att genomf\u00f6ra sina betalningar genom direkt bank\u00f6verf\u00f6ring som Fast Bank Transfer och Bank Transfer.  Som Knightslots v\u00e4rderar vi s\u00e4kerheten f\u00f6r dina pengar.Det \u00e4r anledningen till att vi har valt en rad erk\u00e4nda och v\u00e4lk\u00e4nda metoder som har st\u00e5tt tidens test p\u00e5 marknaden.<\/p><p><span style=\"color:#fff;\">WV\u00e5ra betalningsmetoder \u00e4r v\u00e4nliga.<\/span> Medan vi till\u00e5ter dig att g\u00f6ra omedelbara ins\u00e4ttningar utan kostnad, kommer uttagen att vara snabba men kr\u00e4ver f\u00f6rst\u00e5s en rimlig avgift f\u00f6r att du ska kunna njuta av dina uttag.<\/p>\n\n<p><p style=\"color:#fff; font-size: 20px;\">Du har ditt konto redo p\u00e5 Knightslots, eller hur?<\/p><\/p>\n<P>D\u00e5 \u00e4r n\u00e4sta steg att v\u00e4lja den mest bekv\u00e4ma betalningsmetoden f\u00f6r dig och b\u00f6rja njuta av spelet.<\/p>\n<p>Det \u00e4r din uppgift som spelare att kontrollera de tillg\u00e4ngliga betalningsmetoderna.<\/p>\n<p>N\u00e4r du g\u00f6r ett val, kom ih\u00e5g att vissa metoder kan ta l\u00e4ngre tid att bearbeta dina transaktioner \u00e4n andra.<\/p>\n<p><\/p>\n","protected":false},"excerpt":{"rendered":"<p>Vi f\u00f6rst\u00e5r att betalningsalternativ \u00e4r viktiga b\u00e5de f\u00f6r v\u00e5ra kunder och f\u00f6r oss. D\u00e4rf\u00f6r har vi tagit fram ett urval av betalningsmetoder f\u00f6r att s\u00e4kerst\u00e4lla att varje spelare enkelt kan anv\u00e4nda en metod f\u00f6r att underl\u00e4tta sina ins\u00e4ttningar och uttag. Beroende p\u00e5 tillg\u00e5ng i olika l\u00e4nder inkluderar de metoder vi har valt f\u00f6r dig bankkort, [&hellip;]<\/p>\n","protected":false},"author":1,"featured_media":0,"parent":0,"menu_order":0,"comment_status":"closed","ping_status":"closed","template":"","meta":{"footnotes":""},"class_list":["post-301","page","type-page","status-publish","hentry"],"yoast_head":"<!-- This site is optimized with the Yoast SEO plugin v25.3 - https:\/\/yoast.com\/wordpress\/plugins\/seo\/ -->\n<title>Betalningsalternativ - Knightslots<\/title>\n<meta name=\"robots\" content=\"index, follow, max-snippet:-1, max-image-preview:large, max-video-preview:-1\" \/>\n<link rel=\"canonical\" href=\"https:\/\/www.knightslots.com\/se\/betalningsalternativ\/\" \/>\n<meta property=\"og:locale\" content=\"en_US\" \/>\n<meta property=\"og:type\" content=\"article\" \/>\n<meta property=\"og:title\" content=\"Betalningsalternativ - Knightslots\" \/>\n<meta property=\"og:description\" content=\"Vi f\u00f6rst\u00e5r att betalningsalternativ \u00e4r viktiga b\u00e5de f\u00f6r v\u00e5ra kunder och f\u00f6r oss. D\u00e4rf\u00f6r har vi tagit fram ett urval av betalningsmetoder f\u00f6r att s\u00e4kerst\u00e4lla att varje spelare enkelt kan anv\u00e4nda en metod f\u00f6r att underl\u00e4tta sina ins\u00e4ttningar och uttag. Beroende p\u00e5 tillg\u00e5ng i olika l\u00e4nder inkluderar de metoder vi har valt f\u00f6r dig bankkort, [&hellip;]\" \/>\n<meta property=\"og:url\" content=\"https:\/\/www.knightslots.com\/se\/betalningsalternativ\/\" \/>\n<meta property=\"og:site_name\" content=\"Knightslots\" \/>\n<meta name=\"twitter:card\" content=\"summary_large_image\" \/>\n<meta name=\"twitter:label1\" content=\"Est. reading time\" \/>\n\t<meta name=\"twitter:data1\" content=\"1 minute\" \/>\n<script type=\"application\/ld+json\" class=\"yoast-schema-graph\">{\"@context\":\"https:\/\/schema.org\",\"@graph\":[{\"@type\":\"WebPage\",\"@id\":\"https:\/\/www.knightslots.com\/se\/betalningsalternativ\/\",\"url\":\"https:\/\/www.knightslots.com\/se\/betalningsalternativ\/\",\"name\":\"Betalningsalternativ - Knightslots\",\"isPartOf\":{\"@id\":\"https:\/\/www.knightslots.com\/se\/#website\"},\"datePublished\":\"2024-10-22T07:12:48+00:00\",\"breadcrumb\":{\"@id\":\"https:\/\/www.knightslots.com\/se\/betalningsalternativ\/#breadcrumb\"},\"inLanguage\":\"en-US\",\"potentialAction\":[{\"@type\":\"ReadAction\",\"target\":[\"https:\/\/www.knightslots.com\/se\/betalningsalternativ\/\"]}]},{\"@type\":\"BreadcrumbList\",\"@id\":\"https:\/\/www.knightslots.com\/se\/betalningsalternativ\/#breadcrumb\",\"itemListElement\":[{\"@type\":\"ListItem\",\"position\":1,\"name\":\"Home\",\"item\":\"https:\/\/www.knightslots.com\/se\/\"},{\"@type\":\"ListItem\",\"position\":2,\"name\":\"Betalningsalternativ\"}]},{\"@type\":\"WebSite\",\"@id\":\"https:\/\/www.knightslots.com\/se\/#website\",\"url\":\"https:\/\/www.knightslots.com\/se\/\",\"name\":\"Knightslots\",\"description\":\"\",\"potentialAction\":[{\"@type\":\"SearchAction\",\"target\":{\"@type\":\"EntryPoint\",\"urlTemplate\":\"https:\/\/www.knightslots.com\/se\/?s={search_term_string}\"},\"query-input\":{\"@type\":\"PropertyValueSpecification\",\"valueRequired\":true,\"valueName\":\"search_term_string\"}}],\"inLanguage\":\"en-US\"}]}<\/script>\n<!-- \/ Yoast SEO plugin. -->","yoast_head_json":{"title":"Betalningsalternativ - Knightslots","robots":{"index":"index","follow":"follow","max-snippet":"max-snippet:-1","max-image-preview":"max-image-preview:large","max-video-preview":"max-video-preview:-1"},"canonical":"https:\/\/www.knightslots.com\/se\/betalningsalternativ\/","og_locale":"en_US","og_type":"article","og_title":"Betalningsalternativ - Knightslots","og_description":"Vi f\u00f6rst\u00e5r att betalningsalternativ \u00e4r viktiga b\u00e5de f\u00f6r v\u00e5ra kunder och f\u00f6r oss. D\u00e4rf\u00f6r har vi tagit fram ett urval av betalningsmetoder f\u00f6r att s\u00e4kerst\u00e4lla att varje spelare enkelt kan anv\u00e4nda en metod f\u00f6r att underl\u00e4tta sina ins\u00e4ttningar och uttag. Beroende p\u00e5 tillg\u00e5ng i olika l\u00e4nder inkluderar de metoder vi har valt f\u00f6r dig bankkort, [&hellip;]","og_url":"https:\/\/www.knightslots.com\/se\/betalningsalternativ\/","og_site_name":"Knightslots","twitter_card":"summary_large_image","twitter_misc":{"Est. reading time":"1 minute"},"schema":{"@context":"https:\/\/schema.org","@graph":[{"@type":"WebPage","@id":"https:\/\/www.knightslots.com\/se\/betalningsalternativ\/","url":"https:\/\/www.knightslots.com\/se\/betalningsalternativ\/","name":"Betalningsalternativ - Knightslots","isPartOf":{"@id":"https:\/\/www.knightslots.com\/se\/#website"},"datePublished":"2024-10-22T07:12:48+00:00","breadcrumb":{"@id":"https:\/\/www.knightslots.com\/se\/betalningsalternativ\/#breadcrumb"},"inLanguage":"en-US","potentialAction":[{"@type":"ReadAction","target":["https:\/\/www.knightslots.com\/se\/betalningsalternativ\/"]}]},{"@type":"BreadcrumbList","@id":"https:\/\/www.knightslots.com\/se\/betalningsalternativ\/#breadcrumb","itemListElement":[{"@type":"ListItem","position":1,"name":"Home","item":"https:\/\/www.knightslots.com\/se\/"},{"@type":"ListItem","position":2,"name":"Betalningsalternativ"}]},{"@type":"WebSite","@id":"https:\/\/www.knightslots.com\/se\/#website","url":"https:\/\/www.knightslots.com\/se\/","name":"Knightslots","description":"","potentialAction":[{"@type":"SearchAction","target":{"@type":"EntryPoint","urlTemplate":"https:\/\/www.knightslots.com\/se\/?s={search_term_string}"},"query-input":{"@type":"PropertyValueSpecification","valueRequired":true,"valueName":"search_term_string"}}],"inLanguage":"en-US"}]}},"_links":{"self":[{"href":"https:\/\/www.knightslots.com\/se\/wp-json\/wp\/v2\/pages\/301","targetHints":{"allow":["GET"]}}],"collection":[{"href":"https:\/\/www.knightslots.com\/se\/wp-json\/wp\/v2\/pages"}],"about":[{"href":"https:\/\/www.knightslots.com\/se\/wp-json\/wp\/v2\/types\/page"}],"author":[{"embeddable":true,"href":"https:\/\/www.knightslots.com\/se\/wp-json\/wp\/v2\/users\/1"}],"replies":[{"embeddable":true,"href":"https:\/\/www.knightslots.com\/se\/wp-json\/wp\/v2\/comments?post=301"}],"version-history":[{"count":1,"href":"https:\/\/www.knightslots.com\/se\/wp-json\/wp\/v2\/pages\/301\/revisions"}],"predecessor-version":[{"id":302,"href":"https:\/\/www.knightslots.com\/se\/wp-json\/wp\/v2\/pages\/301\/revisions\/302"}],"wp:attachment":[{"href":"https:\/\/www.knightslots.com\/se\/wp-json\/wp\/v2\/media?parent=301"}],"curies":[{"name":"wp","href":"https:\/\/api.w.org\/{rel}","templated":true}]}}